{"id":47,"date":"2019-12-16T15:24:59","date_gmt":"2019-12-16T15:24:59","guid":{"rendered":"https:\/\/markusfiechter.ch\/?page_id=47"},"modified":"2020-01-06T09:48:54","modified_gmt":"2020-01-06T09:48:54","slug":"home","status":"publish","type":"page","link":"https:\/\/markusfiechter.ch\/","title":{"rendered":"Home"},"content":{"rendered":"\t\t<div data-elementor-type=\"wp-page\" data-elementor-id=\"47\" class=\"elementor elementor-47\">\n\t\t\t\t\t\t<section class=\"elementor-section elementor-top-section elementor-element elementor-element-a747971 elementor-section-boxed elementor-section-height-default elementor-section-height-default\" data-id=\"a747971\" data-element_type=\"section\">\n\t\t\t\t\t\t<div class=\"elementor-container elementor-column-gap-default\">\n\t\t\t\t\t<div class=\"elementor-column elementor-col-100 elementor-top-column elementor-element elementor-element-1433961\" data-id=\"1433961\" data-element_type=\"column\">\n\t\t\t<div class=\"elementor-widget-wrap elementor-element-populated\">\n\t\t\t\t\t\t<section class=\"elementor-section elementor-inner-section elementor-element elementor-element-04c41c6 elementor-section-boxed elementor-section-height-default elementor-section-height-default\" data-id=\"04c41c6\" data-element_type=\"section\">\n\t\t\t\t\t\t<div class=\"elementor-container elementor-column-gap-default\">\n\t\t\t\t\t<div class=\"elementor-column elementor-col-50 elementor-inner-column elementor-element elementor-element-9cec7ea\" data-id=\"9cec7ea\" data-element_type=\"column\">\n\t\t\t<div class=\"elementor-widget-wrap elementor-element-populated\">\n\t\t\t\t\t\t<div class=\"elementor-element elementor-element-f2129b4 elementor-widget elementor-widget-heading\" data-id=\"f2129b4\" data-element_type=\"widget\" data-widget_type=\"heading.default\">\n\t\t\t\t<div class=\"elementor-widget-container\">\n\t\t\t\t\t<h2 class=\"elementor-heading-title elementor-size-default\">MF <\/h2>\t\t\t\t<\/div>\n\t\t\t\t<\/div>\n\t\t\t\t\t<\/div>\n\t\t<\/div>\n\t\t\t\t<div class=\"elementor-column elementor-col-50 elementor-inner-column elementor-element elementor-element-ceb1b5d\" data-id=\"ceb1b5d\" data-element_type=\"column\">\n\t\t\t<div class=\"elementor-widget-wrap elementor-element-populated\">\n\t\t\t\t\t\t<div class=\"elementor-element elementor-element-d5f6217 elementor-widget elementor-widget-text-editor\" data-id=\"d5f6217\" data-element_type=\"widget\" data-widget_type=\"text-editor.default\">\n\t\t\t\t<div class=\"elementor-widget-container\">\n\t\t\t\t\t\t\t\t\t<h4 class=\"elementor-heading-title elementor-size-default elementor-inline-editing pen\" style=\"font-family: Roboto, sans-serif; line-height: 1; color: #1e6dcc; margin: 0px; padding: 0px;\" data-elementor-setting-key=\"title\" data-pen-placeholder=\"Type Here...\"><i>NEUTRAL\/UNABH\u00c4NGIG<\/i><\/h4>\t\t\t\t\t\t\t\t<\/div>\n\t\t\t\t<\/div>\n\t\t\t\t\t<\/div>\n\t\t<\/div>\n\t\t\t\t\t<\/div>\n\t\t<\/section>\n\t\t\t\t<div class=\"elementor-element elementor-element-086e027 elementor-widget-divider--view-line elementor-widget elementor-widget-divider\" data-id=\"086e027\" data-element_type=\"widget\" data-widget_type=\"divider.default\">\n\t\t\t\t<div class=\"elementor-widget-container\">\n\t\t\t\t\t\t\t<div class=\"elementor-divider\">\n\t\t\t<span class=\"elementor-divider-separator\">\n\t\t\t\t\t\t<\/span>\n\t\t<\/div>\n\t\t\t\t\t\t<\/div>\n\t\t\t\t<\/div>\n\t\t\t\t<div class=\"elementor-element elementor-element-bef0e69 elementor-widget elementor-widget-spacer\" data-id=\"bef0e69\" data-element_type=\"widget\" data-widget_type=\"spacer.default\">\n\t\t\t\t<div class=\"elementor-widget-container\">\n\t\t\t\t\t\t\t<div class=\"elementor-spacer\">\n\t\t\t<div class=\"elementor-spacer-inner\"><\/div>\n\t\t<\/div>\n\t\t\t\t\t\t<\/div>\n\t\t\t\t<\/div>\n\t\t\t\t\t<\/div>\n\t\t<\/div>\n\t\t\t\t\t<\/div>\n\t\t<\/section>\n\t\t\t\t<section class=\"elementor-section elementor-top-section elementor-element elementor-element-f7dc25f elementor-section-boxed elementor-section-height-default elementor-section-height-default\" data-id=\"f7dc25f\" data-element_type=\"section\">\n\t\t\t\t\t\t<div class=\"elementor-container elementor-column-gap-default\">\n\t\t\t\t\t<div class=\"elementor-column elementor-col-50 elementor-top-column elementor-element elementor-element-8d86c16\" data-id=\"8d86c16\" data-element_type=\"column\">\n\t\t\t<div class=\"elementor-widget-wrap elementor-element-populated\">\n\t\t\t\t\t\t<div class=\"elementor-element elementor-element-d123256 elementor-widget elementor-widget-image\" data-id=\"d123256\" data-element_type=\"widget\" data-widget_type=\"image.default\">\n\t\t\t\t<div class=\"elementor-widget-container\">\n\t\t\t\t\t\t\t\t\t\t\t\t\t\t\t<img fetchpriority=\"high\" decoding=\"async\" width=\"1378\" height=\"918\" src=\"https:\/\/markusfiechter.ch\/wp-content\/uploads\/2019\/12\/DSpapa.jpg\" class=\"attachment-2048x2048 size-2048x2048 wp-image-75\" alt=\"\" srcset=\"https:\/\/markusfiechter.ch\/wp-content\/uploads\/2019\/12\/DSpapa.jpg 1378w, https:\/\/markusfiechter.ch\/wp-content\/uploads\/2019\/12\/DSpapa-300x200.jpg 300w, https:\/\/markusfiechter.ch\/wp-content\/uploads\/2019\/12\/DSpapa-1024x682.jpg 1024w, https:\/\/markusfiechter.ch\/wp-content\/uploads\/2019\/12\/DSpapa-768x512.jpg 768w\" sizes=\"(max-width: 1378px) 100vw, 1378px\" \/>\t\t\t\t\t\t\t\t\t\t\t\t\t\t\t<\/div>\n\t\t\t\t<\/div>\n\t\t\t\t\t<\/div>\n\t\t<\/div>\n\t\t\t\t<div class=\"elementor-column elementor-col-50 elementor-top-column elementor-element elementor-element-e857c32\" data-id=\"e857c32\" data-element_type=\"column\">\n\t\t\t<div class=\"elementor-widget-wrap elementor-element-populated\">\n\t\t\t\t\t\t<div class=\"elementor-element elementor-element-21f4830 elementor-widget elementor-widget-text-editor\" data-id=\"21f4830\" data-element_type=\"widget\" data-widget_type=\"text-editor.default\">\n\t\t\t\t<div class=\"elementor-widget-container\">\n\t\t\t\t\t\t\t\t\t<h3>Neutrale Beratung f\u00fcr die Fachrichtungen Flachdach, Absturzsicherungen und Spengler<\/h3><p>Meine langj\u00e4hrigen Flachdach\/Spengler-Erfahrungen (\u00fcber 4 Jahrzente), bieten eine solide Grundlage f\u00fcr die neutrale Bearbeitung folgender Themen:<\/p><ul><li>Erstellen von neutralen Ausschreibungen nach NPK (351, 352, 364, 365, 367)<\/li><li>Unabh\u00e4ngige Situationseinsch\u00e4tzungen (Drittmeinung)<\/li><li>Hilfeleistung und Beihilfe bei &#8220;Problemf\u00e4llen&#8221; (Schadenanalyse)<\/li><li>Beurteilen von Dachsituationen (Neubauten\/Umbauten\/ Sanierungen)<\/li><\/ul>\t\t\t\t\t\t\t\t<\/div>\n\t\t\t\t<\/div>\n\t\t\t\t\t<\/div>\n\t\t<\/div>\n\t\t\t\t\t<\/div>\n\t\t<\/section>\n\t\t\t\t<section class=\"elementor-section elementor-top-section elementor-element elementor-element-aeff6e9 elementor-section-boxed elementor-section-height-default elementor-section-height-default\" data-id=\"aeff6e9\" data-element_type=\"section\">\n\t\t\t\t\t\t<div class=\"elementor-container elementor-column-gap-default\">\n\t\t\t\t\t<div class=\"elementor-column elementor-col-100 elementor-top-column elementor-element elementor-element-45b24d3\" data-id=\"45b24d3\" data-element_type=\"column\">\n\t\t\t<div class=\"elementor-widget-wrap elementor-element-populated\">\n\t\t\t\t\t\t<div class=\"elementor-element elementor-element-eb2b8c0 elementor-widget elementor-widget-text-editor\" data-id=\"eb2b8c0\" data-element_type=\"widget\" data-widget_type=\"text-editor.default\">\n\t\t\t\t<div class=\"elementor-widget-container\">\n\t\t\t\t\t\t\t\t\t<p><strong>Weitere Leistungen (Stichworte)<\/strong><\/p><ul><li>Systemberatung-\/Planungsunterst\u00fctzung (Ausschreibungsempfehlungen)<\/li><li>Pr\u00fcfen von Ausschreibungen-\/Angeboten<\/li><li>Abw\u00e4gen m\u00f6glicher Varianten<\/li><li>F\u00f6rderbeitragsvorabinformationen<\/li><li>Ausf\u00fchrungsbegleitung nach Vereinbarung<\/li><li>Besichtigung und Begutachtung am Objekt<\/li><li>Erstellen von neutralen Bestandsaufnahmen mit aktuellem Zustandsbericht<\/li><li>Beihilfe bei Abnahmen und Besprechungen vor Ort<\/li><li>Objektspezifische Beratungen-\/Planungen zur ThematikAbsturzsicherungen<\/li><li>Erstellen von F\u00f6rderbeitragsgesuchen (Einzelbauteile)<\/li><li>Neutrale Bauherrenberatung (erw\u00e4hnte Fachgebietsbereiche)<\/li><\/ul>\t\t\t\t\t\t\t\t<\/div>\n\t\t\t\t<\/div>\n\t\t\t\t\t<\/div>\n\t\t<\/div>\n\t\t\t\t\t<\/div>\n\t\t<\/section>\n\t\t\t\t<section class=\"elementor-section elementor-top-section elementor-element elementor-element-5b4e9aa elementor-section-boxed elementor-section-height-default elementor-section-height-default\" data-id=\"5b4e9aa\" data-element_type=\"section\">\n\t\t\t\t\t\t<div class=\"elementor-container elementor-column-gap-default\">\n\t\t\t\t\t<div class=\"elementor-column elementor-col-100 elementor-top-column elementor-element elementor-element-1298a4b\" data-id=\"1298a4b\" data-element_type=\"column\">\n\t\t\t<div class=\"elementor-widget-wrap elementor-element-populated\">\n\t\t\t\t\t\t<div class=\"elementor-element elementor-element-90c68db elementor-widget elementor-widget-text-editor\" data-id=\"90c68db\" data-element_type=\"widget\" data-widget_type=\"text-editor.default\">\n\t\t\t\t<div class=\"elementor-widget-container\">\n\t\t\t\t\t\t\t\t\t<p><strong>Zielgruppen<\/strong><\/p><ul><li>Liegenschaftsverwaltungen<\/li><li>Planer, Architekten, Private Investoren<\/li><li>Bauherrn\/Stockwerkeigent\u00fcmer etc.<\/li><li>Bauherrenvertreter<\/li><\/ul>\t\t\t\t\t\t\t\t<\/div>\n\t\t\t\t<\/div>\n\t\t\t\t\t<\/div>\n\t\t<\/div>\n\t\t\t\t\t<\/div>\n\t\t<\/section>\n\t\t\t\t<section class=\"elementor-section elementor-top-section elementor-element elementor-element-0fa0cb5 elementor-section-boxed elementor-section-height-default elementor-section-height-default\" data-id=\"0fa0cb5\" data-element_type=\"section\">\n\t\t\t\t\t\t<div class=\"elementor-container elementor-column-gap-default\">\n\t\t\t\t\t<div class=\"elementor-column elementor-col-100 elementor-top-column elementor-element elementor-element-1ccef6e\" data-id=\"1ccef6e\" data-element_type=\"column\">\n\t\t\t<div class=\"elementor-widget-wrap elementor-element-populated\">\n\t\t\t\t\t\t<div class=\"elementor-element elementor-element-2aa86f7 elementor-widget elementor-widget-spacer\" data-id=\"2aa86f7\" data-element_type=\"widget\" data-widget_type=\"spacer.default\">\n\t\t\t\t<div class=\"elementor-widget-container\">\n\t\t\t\t\t\t\t<div class=\"elementor-spacer\">\n\t\t\t<div class=\"elementor-spacer-inner\"><\/div>\n\t\t<\/div>\n\t\t\t\t\t\t<\/div>\n\t\t\t\t<\/div>\n\t\t\t\t<div class=\"elementor-element elementor-element-26e7846 elementor-widget elementor-widget-text-editor\" data-id=\"26e7846\" data-element_type=\"widget\" data-widget_type=\"text-editor.default\">\n\t\t\t\t<div class=\"elementor-widget-container\">\n\t\t\t\t\t\t\t\t\t<p><strong>Markus Fiechter<\/strong><\/p><p>Platanenweg 7<\/p><p>4142 M\u00fcnchenstein<\/p><p>+41 79 439 57 69 Mobile<\/p><p><a href=\"mailto:m.fiechter@ebmnet.ch\">m.fiechter@ebmnet.ch<\/a><\/p>\t\t\t\t\t\t\t\t<\/div>\n\t\t\t\t<\/div>\n\t\t\t\t\t<\/div>\n\t\t<\/div>\n\t\t\t\t\t<\/div>\n\t\t<\/section>\n\t\t\t\t<\/div>\n\t\t","protected":false},"excerpt":{"rendered":"<p>MF NEUTRAL\/UNABH\u00c4NGIG Neutrale Beratung f\u00fcr die Fachrichtungen Flachdach, Absturzsicherungen und Spengler Meine langj\u00e4hrigen Flachdach\/Spengler-Erfahrungen (\u00fcber 4 Jahrzente), bieten eine solide Grundlage f\u00fcr die neutrale Bearbeitung folgender Themen: Erstellen von neutralen Ausschreibungen nach NPK (351, 352, 364, 365, 367) Unabh\u00e4ngige Situationseinsch\u00e4tzungen (Drittmeinung) Hilfeleistung und Beihilfe bei &#8220;Problemf\u00e4llen&#8221; (Schadenanalyse) Beurteilen von Dachsituationen (Neubauten\/Umbauten\/ Sanierungen) Weitere Leistungen (Stichworte) [&hellip;]<\/p>\n","protected":false},"author":1,"featured_media":0,"parent":0,"menu_order":0,"comment_status":"closed","ping_status":"closed","template":"elementor_canvas","meta":{"footnotes":""},"class_list":["post-47","page","type-page","status-publish","hentry"],"_links":{"self":[{"href":"https:\/\/markusfiechter.ch\/index.php?rest_route=\/wp\/v2\/pages\/47","targetHints":{"allow":["GET"]}}],"collection":[{"href":"https:\/\/markusfiechter.ch\/index.php?rest_route=\/wp\/v2\/pages"}],"about":[{"href":"https:\/\/markusfiechter.ch\/index.php?rest_route=\/wp\/v2\/types\/page"}],"author":[{"embeddable":true,"href":"https:\/\/markusfiechter.ch\/index.php?rest_route=\/wp\/v2\/users\/1"}],"replies":[{"embeddable":true,"href":"https:\/\/markusfiechter.ch\/index.php?rest_route=%2Fwp%2Fv2%2Fcomments&post=47"}],"version-history":[{"count":21,"href":"https:\/\/markusfiechter.ch\/index.php?rest_route=\/wp\/v2\/pages\/47\/revisions"}],"predecessor-version":[{"id":84,"href":"https:\/\/markusfiechter.ch\/index.php?rest_route=\/wp\/v2\/pages\/47\/revisions\/84"}],"wp:attachment":[{"href":"https:\/\/markusfiechter.ch\/index.php?rest_route=%2Fwp%2Fv2%2Fmedia&parent=47"}],"curies":[{"name":"wp","href":"https:\/\/api.w.org\/{rel}","templated":true}]}}